{"id":23233,"date":"2022-01-12T19:00:13","date_gmt":"2022-01-12T18:00:13","guid":{"rendered":"https:\/\/www.littlewonder.be\/boutique\/super-papriko\/"},"modified":"2023-02-15T10:57:45","modified_gmt":"2023-02-15T09:57:45","slug":"super-papriko","status":"publish","type":"product","link":"https:\/\/www.littlewonder.be\/nl\/shop\/super-papriko\/","title":{"rendered":"Super Papriko"},"content":{"rendered":"\t\t<div data-elementor-type=\"wp-post\" data-elementor-id=\"23233\" class=\"elementor elementor-23233 elementor-21534\">\n\t\t\t\t\t\t<section class=\"elementor-section elementor-top-section elementor-element elementor-element-f94f30e elementor-section-full_width elementor-section-gap-beside-no elementor-section-height-default elementor-section-height-default elementor-section-column-vertical-align-stretch\" data-id=\"f94f30e\" data-element_type=\"section\" data-e-type=\"section\">\n\t\t\t\t\t\t<div class=\"elementor-container elementor-column-gap-extended\">\n\t\t\t\t\t<div class=\"elementor-column elementor-col-100 elementor-top-column elementor-element elementor-element-e1669fb\" data-id=\"e1669fb\" data-element_type=\"column\" data-e-type=\"column\">\n\t\t\t<div class=\"elementor-widget-wrap elementor-element-populated\">\n\t\t\t\t\t\t<div class=\"elementor-element elementor-element-8a93c32 elementor-widget elementor-widget-tm-heading\" data-id=\"8a93c32\" data-element_type=\"widget\" data-e-type=\"widget\" data-widget_type=\"tm-heading.default\">\n\t\t\t\t<div class=\"elementor-widget-container\">\n\t\t\t\t\t\t\t<div class=\"tm-modern-heading tm-modern-heading--style-01 tm-modern-heading--highlight-style-01\">\n\t\t\t\n\t\t\t\t\t<div class=\"heading-primary-wrap\">\n\t\t\t<h4 class=\"heading-primary elementor-heading-title\">Ingredi\u00ebnten<\/h4>\t\t<\/div>\n\t\t\n\t\t\t\n\t\t\t\t\t<\/div>\n\t\t\t\t\t\t<\/div>\n\t\t\t\t<\/div>\n\t\t\t\t<div class=\"elementor-element elementor-element-cbeefb4 elementor-widget elementor-widget-text-editor\" data-id=\"cbeefb4\" data-element_type=\"widget\" data-e-type=\"widget\" data-widget_type=\"text-editor.default\">\n\t\t\t\t<div class=\"elementor-widget-container\">\n\t\t\t\t\t\t\t\t\t<p>TARWEbloem, KAAS (MELK, zout, melkzuurgisten), BOTER, chorizo 8,5% (varkensvlees (Spaanse oorsprong), zout, chilipepers, LACTOSE, suiker, dextrose, ma\u00efszetmeel, dextrine, MELKPROTE\u00cfNT, SOYA PROTE\u00cfNT, specerijen, stabilisatoren (E-450i, E-452i), antioxidanten (E-300, E301), conserveermiddelen (E-250, E-252), kleurstof (E-120)), paprika, zout, chilli.<\/p>\n\t\t\t\t\t\t\t\t<\/div>\n\t\t\t\t<\/div>\n\t\t\t\t\t<\/div>\n\t\t<\/div>\n\t\t\t\t\t<\/div>\n\t\t<\/section>\n\t\t\t\t<\/div>\n\t\t","protected":false},"excerpt":{"rendered":"<h6 class=\"p1\">Paprika &amp; chorizo koekjes<\/h6>\n","protected":false},"featured_media":23140,"template":"","meta":[],"product_brand":[],"product_cat":[169],"product_tag":[],"class_list":{"0":"post-23233","1":"product","2":"type-product","3":"status-publish","4":"has-post-thumbnail","6":"product_cat-zoute","8":"first","9":"instock","10":"taxable","11":"shipping-taxable","12":"purchasable","13":"product-type-simple"},"_links":{"self":[{"href":"https:\/\/www.littlewonder.be\/nl\/wp-json\/wp\/v2\/product\/23233","targetHints":{"allow":["GET"]}}],"collection":[{"href":"https:\/\/www.littlewonder.be\/nl\/wp-json\/wp\/v2\/product"}],"about":[{"href":"https:\/\/www.littlewonder.be\/nl\/wp-json\/wp\/v2\/types\/product"}],"version-history":[{"count":0,"href":"https:\/\/www.littlewonder.be\/nl\/wp-json\/wp\/v2\/product\/23233\/revisions"}],"wp:featuredmedia":[{"embeddable":true,"href":"https:\/\/www.littlewonder.be\/nl\/wp-json\/wp\/v2\/media\/23140"}],"wp:attachment":[{"href":"https:\/\/www.littlewonder.be\/nl\/wp-json\/wp\/v2\/media?parent=23233"}],"wp:term":[{"taxonomy":"product_brand","embeddable":true,"href":"https:\/\/www.littlewonder.be\/nl\/wp-json\/wp\/v2\/product_brand?post=23233"},{"taxonomy":"product_cat","embeddable":true,"href":"https:\/\/www.littlewonder.be\/nl\/wp-json\/wp\/v2\/product_cat?post=23233"},{"taxonomy":"product_tag","embeddable":true,"href":"https:\/\/www.littlewonder.be\/nl\/wp-json\/wp\/v2\/product_tag?post=23233"}],"curies":[{"name":"wp","href":"https:\/\/api.w.org\/{rel}","templated":true}]}}